{"id":2896,"date":"2025-12-15T07:03:30","date_gmt":"2025-12-15T07:03:30","guid":{"rendered":"https:\/\/www.mgninvest.at\/impressum\/"},"modified":"2026-04-17T11:32:01","modified_gmt":"2026-04-17T11:32:01","slug":"note-legali","status":"publish","type":"page","link":"https:\/\/www.mgninvest.at\/it\/note-legali\/","title":{"rendered":"Note legali"},"content":{"rendered":"\t\t<div data-elementor-type=\"wp-page\" data-elementor-id=\"2896\" class=\"elementor elementor-2896 elementor-1902\" data-elementor-post-type=\"page\">\n\t\t\t\t<div class=\"elementor-element elementor-element-798269e2 daten agb e-flex e-con-boxed e-con e-parent\" data-id=\"798269e2\" data-element_type=\"container\">\n\t\t\t\t\t<div class=\"e-con-inner\">\n\t\t\t\t<div class=\"elementor-element elementor-element-8280680 elementor-widget elementor-widget-heading\" data-id=\"8280680\" data-element_type=\"widget\" data-widget_type=\"heading.default\">\n\t\t\t\t\t<h1 class=\"elementor-heading-title elementor-size-default\">Note legali<\/h1>\t\t\t\t<\/div>\n\t\t\t\t<div class=\"elementor-element elementor-element-645ad5c9 elementor-widget__width-initial elementor-widget elementor-widget-text-editor\" data-id=\"645ad5c9\" data-element_type=\"widget\" data-widget_type=\"text-editor.default\">\n\t\t\t\t\t\t\t\t\t<p>ai sensi del \u00a7 5 della legge austriaca sull\u2019e-commerce (ECG), del \u00a7 24 della legge austriaca sui media (MedienG) e del \u00a7 14 del codice commerciale austriaco (UGB)<\/p><p><strong>Denominazione della societ\u00e0:<br \/><\/strong>MGN Investment Group GmbH<\/p><p><strong>Forma giuridica:<br \/><\/strong>Societ\u00e0 a responsabilit\u00e0 limitata (GmbH)<\/p><p><strong>Sede legale \/ indirizzo commerciale:<br \/><\/strong>Ringmauergasse 3<br \/>9500 Villach, Austria<\/p><p><strong>Oggetto dell\u2019impresa:<br \/><\/strong>Sviluppo immobiliare, progettazione immobiliare, servizi di promotore immobiliare, investimenti immobiliari, commercializzazione immobiliare, intermediazione immobiliare<\/p><p><strong>Numero di iscrizione al registro delle imprese:<br \/><\/strong>FN 578247P<\/p><p><strong>Tribunale del registro delle imprese:<br \/><\/strong>Landesgericht Klagenfurt<\/p><p><strong>Numero UID (Partita IVA):<br \/><\/strong>ATU78353158<\/p><p><strong>Direzione aziendale:<br \/><\/strong>Gerhard Mosser<br \/>Mag. Martin Kolbitsch<br \/>Mag. Christian Polessnig<\/p><p><strong>Contatti:<br \/><\/strong>Telefono:<br \/>+43 4242 404 84 35<br \/>+43 676 84 88 06 250<br \/>+43 676 84 88 06 255<\/p><p>E-mail:<br \/><a href=\"mailto:office@mgninvest.at\">office@mgninvest.at<\/a><\/p><p>Indirizzo web:<br \/><a href=\"http:\/\/www.mgninvest.at\/\">www.mgninvest.at<\/a><\/p><p><strong>Titolare del mezzo di comunicazione, editore e linea editoriale di base del sito web<\/strong><\/p><p>(\u00a7 24 MedienG)<\/p><p><strong>Titolare del mezzo di comunicazione e editore:<br \/><\/strong>MGN Investment Group GmbH<\/p><p><strong>Linea editoriale di base del sito web:<br \/><\/strong>Informazioni su progetti immobiliari, servizi, attivit\u00e0 aziendali, nonch\u00e9 presentazione di progetti e investimenti di MGN Investment GmbH.<\/p><p><strong>Esclusione di responsabilit\u00e0<br \/><\/strong>Nonostante l\u2019attenta predisposizione dei contenuti, MGN non fornisce alcuna garanzia in merito alla correttezza, completezza o attualit\u00e0 di tutte le informazioni.<br \/>Non si assume alcuna responsabilit\u00e0 per i contenuti di link esterni; per il contenuto delle pagine collegate sono responsabili esclusivamente i rispettivi gestori.<\/p><p><strong>Diritto d\u2019autore<br \/><\/strong>Tutti i contenuti di questo sito web (testi, immagini, layout, rendering, planimetrie, grafiche ecc.) sono protetti dal diritto d\u2019autore. Qualsiasi utilizzo che vada oltre l\u2019uso privato richiede il consenso scritto di MGN.<\/p><p><strong>Risoluzione delle controversie online \/ conciliazione dei consumatori<br \/><\/strong>La Commissione europea mette a disposizione una piattaforma per la risoluzione online delle controversie:<br \/><a href=\"https:\/\/ec.europa.eu\/consumers\/odr\/\">https:\/\/ec.europa.eu\/consumers\/odr\/<\/a><\/p><p>MGN non \u00e8 obbligata e, in linea generale, non \u00e8 disposta a partecipare a procedure di risoluzione delle controversie dinanzi a un organismo di conciliazione per i consumatori.<\/p>\t\t\t\t\t\t\t\t<\/div>\n\t\t\t\t\t<\/div>\n\t\t\t\t<\/div>\n\t\t\t\t<\/div>\n\t\t","protected":false},"excerpt":{"rendered":"<p>Note legali ai sensi del \u00a7 5 della legge austriaca sull\u2019e-commerce (ECG), del \u00a7 24 della legge austriaca sui media (MedienG) e del \u00a7 14 del codice commerciale austriaco (UGB) Denominazione della societ\u00e0:MGN Investment Group GmbH Forma giuridica:Societ\u00e0 a responsabilit\u00e0 limitata (GmbH) Sede legale \/ indirizzo commerciale:Ringmauergasse 39500 Villach, Austria Oggetto dell\u2019impresa:Sviluppo immobiliare, progettazione immobiliare, [&hellip;]<\/p>\n","protected":false},"author":1,"featured_media":0,"parent":0,"menu_order":0,"comment_status":"closed","ping_status":"closed","template":"","meta":{"_acf_changed":false,"footnotes":""},"class_list":["post-2896","page","type-page","status-publish","hentry"],"acf":[],"yoast_head":"<!-- This site is optimized with the Yoast SEO plugin v26.6 - https:\/\/yoast.com\/wordpress\/plugins\/seo\/ -->\n<title>Note legali - MGN Real Estate<\/title>\n<meta name=\"robots\" content=\"noindex, follow\" \/>\n<meta property=\"og:locale\" content=\"it_IT\" \/>\n<meta property=\"og:type\" content=\"article\" \/>\n<meta property=\"og:title\" content=\"Note legali - MGN Real Estate\" \/>\n<meta property=\"og:description\" content=\"Note legali ai sensi del \u00a7 5 della legge austriaca sull\u2019e-commerce (ECG), del \u00a7 24 della legge austriaca sui media (MedienG) e del \u00a7 14 del codice commerciale austriaco (UGB) Denominazione della societ\u00e0:MGN Investment Group GmbH Forma giuridica:Societ\u00e0 a responsabilit\u00e0 limitata (GmbH) Sede legale \/ indirizzo commerciale:Ringmauergasse 39500 Villach, Austria Oggetto dell\u2019impresa:Sviluppo immobiliare, progettazione immobiliare, [&hellip;]\" \/>\n<meta property=\"og:url\" content=\"https:\/\/www.mgninvest.at\/it\/note-legali\/\" \/>\n<meta property=\"og:site_name\" content=\"MGN Real Estate\" \/>\n<meta property=\"article:publisher\" content=\"https:\/\/www.facebook.com\/MGNRealities\" \/>\n<meta property=\"article:modified_time\" content=\"2026-04-17T11:32:01+00:00\" \/>\n<meta name=\"twitter:card\" content=\"summary_large_image\" \/>\n<script type=\"application\/ld+json\" class=\"yoast-schema-graph\">{\"@context\":\"https:\/\/schema.org\",\"@graph\":[{\"@type\":\"WebPage\",\"@id\":\"https:\/\/www.mgninvest.at\/it\/note-legali\/\",\"url\":\"https:\/\/www.mgninvest.at\/it\/note-legali\/\",\"name\":\"Note legali - MGN Real Estate\",\"isPartOf\":{\"@id\":\"https:\/\/www.mgninvest.at\/de\/#website\"},\"datePublished\":\"2025-12-15T07:03:30+00:00\",\"dateModified\":\"2026-04-17T11:32:01+00:00\",\"breadcrumb\":{\"@id\":\"https:\/\/www.mgninvest.at\/it\/note-legali\/#breadcrumb\"},\"inLanguage\":\"it-IT\",\"potentialAction\":[{\"@type\":\"ReadAction\",\"target\":[\"https:\/\/www.mgninvest.at\/it\/note-legali\/\"]}]},{\"@type\":\"BreadcrumbList\",\"@id\":\"https:\/\/www.mgninvest.at\/it\/note-legali\/#breadcrumb\",\"itemListElement\":[{\"@type\":\"ListItem\",\"position\":1,\"name\":\"Home\",\"item\":\"https:\/\/www.mgninvest.at\/it\/\"},{\"@type\":\"ListItem\",\"position\":2,\"name\":\"Note legali\"}]},{\"@type\":\"WebSite\",\"@id\":\"https:\/\/www.mgninvest.at\/de\/#website\",\"url\":\"https:\/\/www.mgninvest.at\/de\/\",\"name\":\"MGN Real Estate\",\"description\":\"Where elegance meets privacy.\",\"publisher\":{\"@id\":\"https:\/\/www.mgninvest.at\/de\/#organization\"},\"potentialAction\":[{\"@type\":\"SearchAction\",\"target\":{\"@type\":\"EntryPoint\",\"urlTemplate\":\"https:\/\/www.mgninvest.at\/de\/?s={search_term_string}\"},\"query-input\":{\"@type\":\"PropertyValueSpecification\",\"valueRequired\":true,\"valueName\":\"search_term_string\"}}],\"inLanguage\":\"it-IT\"},{\"@type\":\"Organization\",\"@id\":\"https:\/\/www.mgninvest.at\/de\/#organization\",\"name\":\"MGN Real Estate\",\"url\":\"https:\/\/www.mgninvest.at\/de\/\",\"logo\":{\"@type\":\"ImageObject\",\"inLanguage\":\"it-IT\",\"@id\":\"https:\/\/www.mgninvest.at\/de\/#\/schema\/logo\/image\/\",\"url\":\"https:\/\/www.mgninvest.at\/wp-content\/uploads\/2025\/10\/mgn-real-estate_logo_black.svg\",\"contentUrl\":\"https:\/\/www.mgninvest.at\/wp-content\/uploads\/2025\/10\/mgn-real-estate_logo_black.svg\",\"width\":172,\"height\":60,\"caption\":\"MGN Real Estate\"},\"image\":{\"@id\":\"https:\/\/www.mgninvest.at\/de\/#\/schema\/logo\/image\/\"},\"sameAs\":[\"https:\/\/www.facebook.com\/MGNRealities\",\"https:\/\/www.instagram.com\/mgnrealestate\/\"]}]}<\/script>\n<!-- \/ Yoast SEO plugin. -->","yoast_head_json":{"title":"Note legali - MGN Real Estate","robots":{"index":"noindex","follow":"follow"},"og_locale":"it_IT","og_type":"article","og_title":"Note legali - MGN Real Estate","og_description":"Note legali ai sensi del \u00a7 5 della legge austriaca sull\u2019e-commerce (ECG), del \u00a7 24 della legge austriaca sui media (MedienG) e del \u00a7 14 del codice commerciale austriaco (UGB) Denominazione della societ\u00e0:MGN Investment Group GmbH Forma giuridica:Societ\u00e0 a responsabilit\u00e0 limitata (GmbH) Sede legale \/ indirizzo commerciale:Ringmauergasse 39500 Villach, Austria Oggetto dell\u2019impresa:Sviluppo immobiliare, progettazione immobiliare, [&hellip;]","og_url":"https:\/\/www.mgninvest.at\/it\/note-legali\/","og_site_name":"MGN Real Estate","article_publisher":"https:\/\/www.facebook.com\/MGNRealities","article_modified_time":"2026-04-17T11:32:01+00:00","twitter_card":"summary_large_image","schema":{"@context":"https:\/\/schema.org","@graph":[{"@type":"WebPage","@id":"https:\/\/www.mgninvest.at\/it\/note-legali\/","url":"https:\/\/www.mgninvest.at\/it\/note-legali\/","name":"Note legali - MGN Real Estate","isPartOf":{"@id":"https:\/\/www.mgninvest.at\/de\/#website"},"datePublished":"2025-12-15T07:03:30+00:00","dateModified":"2026-04-17T11:32:01+00:00","breadcrumb":{"@id":"https:\/\/www.mgninvest.at\/it\/note-legali\/#breadcrumb"},"inLanguage":"it-IT","potentialAction":[{"@type":"ReadAction","target":["https:\/\/www.mgninvest.at\/it\/note-legali\/"]}]},{"@type":"BreadcrumbList","@id":"https:\/\/www.mgninvest.at\/it\/note-legali\/#breadcrumb","itemListElement":[{"@type":"ListItem","position":1,"name":"Home","item":"https:\/\/www.mgninvest.at\/it\/"},{"@type":"ListItem","position":2,"name":"Note legali"}]},{"@type":"WebSite","@id":"https:\/\/www.mgninvest.at\/de\/#website","url":"https:\/\/www.mgninvest.at\/de\/","name":"MGN Real Estate","description":"Where elegance meets privacy.","publisher":{"@id":"https:\/\/www.mgninvest.at\/de\/#organization"},"potentialAction":[{"@type":"SearchAction","target":{"@type":"EntryPoint","urlTemplate":"https:\/\/www.mgninvest.at\/de\/?s={search_term_string}"},"query-input":{"@type":"PropertyValueSpecification","valueRequired":true,"valueName":"search_term_string"}}],"inLanguage":"it-IT"},{"@type":"Organization","@id":"https:\/\/www.mgninvest.at\/de\/#organization","name":"MGN Real Estate","url":"https:\/\/www.mgninvest.at\/de\/","logo":{"@type":"ImageObject","inLanguage":"it-IT","@id":"https:\/\/www.mgninvest.at\/de\/#\/schema\/logo\/image\/","url":"https:\/\/www.mgninvest.at\/wp-content\/uploads\/2025\/10\/mgn-real-estate_logo_black.svg","contentUrl":"https:\/\/www.mgninvest.at\/wp-content\/uploads\/2025\/10\/mgn-real-estate_logo_black.svg","width":172,"height":60,"caption":"MGN Real Estate"},"image":{"@id":"https:\/\/www.mgninvest.at\/de\/#\/schema\/logo\/image\/"},"sameAs":["https:\/\/www.facebook.com\/MGNRealities","https:\/\/www.instagram.com\/mgnrealestate\/"]}]}},"_links":{"self":[{"href":"https:\/\/www.mgninvest.at\/it\/wp-json\/wp\/v2\/pages\/2896","targetHints":{"allow":["GET"]}}],"collection":[{"href":"https:\/\/www.mgninvest.at\/it\/wp-json\/wp\/v2\/pages"}],"about":[{"href":"https:\/\/www.mgninvest.at\/it\/wp-json\/wp\/v2\/types\/page"}],"author":[{"embeddable":true,"href":"https:\/\/www.mgninvest.at\/it\/wp-json\/wp\/v2\/users\/1"}],"replies":[{"embeddable":true,"href":"https:\/\/www.mgninvest.at\/it\/wp-json\/wp\/v2\/comments?post=2896"}],"version-history":[{"count":9,"href":"https:\/\/www.mgninvest.at\/it\/wp-json\/wp\/v2\/pages\/2896\/revisions"}],"predecessor-version":[{"id":3070,"href":"https:\/\/www.mgninvest.at\/it\/wp-json\/wp\/v2\/pages\/2896\/revisions\/3070"}],"wp:attachment":[{"href":"https:\/\/www.mgninvest.at\/it\/wp-json\/wp\/v2\/media?parent=2896"}],"curies":[{"name":"wp","href":"https:\/\/api.w.org\/{rel}","templated":true}]}}