{"id":2860,"date":"2025-10-13T11:49:13","date_gmt":"2025-10-13T11:49:13","guid":{"rendered":"https:\/\/www.mgninvest.at\/chi-siamo\/"},"modified":"2026-04-17T05:55:09","modified_gmt":"2026-04-17T05:55:09","slug":"chi-siamo","status":"publish","type":"page","link":"https:\/\/www.mgninvest.at\/it\/chi-siamo\/","title":{"rendered":"Chi siamo"},"content":{"rendered":"\t\t<div data-elementor-type=\"wp-page\" data-elementor-id=\"2860\" class=\"elementor elementor-2860 elementor-1459\" data-elementor-post-type=\"page\">\n\t\t\t\t<div class=\"elementor-element elementor-element-d9867d8 e-flex e-con-boxed e-con e-parent\" data-id=\"d9867d8\" data-element_type=\"container\" data-settings=\"{&quot;background_background&quot;:&quot;classic&quot;}\">\n\t\t\t\t\t<div class=\"e-con-inner\">\n\t\t<div class=\"elementor-element elementor-element-2dd3353 e-con-full e-flex e-con e-child\" data-id=\"2dd3353\" data-element_type=\"container\">\n\t\t\t\t<div class=\"elementor-element elementor-element-030ddbe elementor-widget__width-initial elementor-invisible elementor-widget elementor-widget-heading\" data-id=\"030ddbe\" data-element_type=\"widget\" data-settings=\"{&quot;_animation&quot;:&quot;fadeInUp&quot;}\" data-widget_type=\"heading.default\">\n\t\t\t\t\t<h1 class=\"elementor-heading-title elementor-size-default\">Chi siamo<\/h1>\t\t\t\t<\/div>\n\t\t\t\t<\/div>\n\t\t\t\t\t<\/div>\n\t\t\t\t<\/div>\n\t\t<div class=\"elementor-element elementor-element-7f85aa2 e-flex e-con-boxed e-con e-parent\" data-id=\"7f85aa2\" data-element_type=\"container\">\n\t\t\t\t\t<div class=\"e-con-inner\">\n\t\t<div class=\"elementor-element elementor-element-82a0ee4 e-con-full e-flex e-con e-child\" data-id=\"82a0ee4\" data-element_type=\"container\">\n\t\t\t\t<div class=\"elementor-element elementor-element-801b88f elementor-invisible elementor-widget elementor-widget-heading\" data-id=\"801b88f\" data-element_type=\"widget\" data-settings=\"{&quot;_animation&quot;:&quot;fadeInUp&quot;}\" data-widget_type=\"heading.default\">\n\t\t\t\t\t<h2 class=\"elementor-heading-title elementor-size-default\">Eccellenza in ogni metro quadrato<\/h2>\t\t\t\t<\/div>\n\t\t\t\t<\/div>\n\t\t\t\t<div class=\"elementor-element elementor-element-f4de9de elementor-widget__width-initial elementor-invisible elementor-widget elementor-widget-text-editor\" data-id=\"f4de9de\" data-element_type=\"widget\" data-settings=\"{&quot;_animation&quot;:&quot;fadeIn&quot;}\" data-widget_type=\"text-editor.default\">\n\t\t\t\t\t\t\t\t\t<p>Da <strong>oltre tre decenni<\/strong> ci dedichiamo allo sviluppo di immobili di alta qualit\u00e0 \u2013 con una coerenza e una competenza che traspaiono in ciascuno dei nostri progetti.<\/p>\t\t\t\t\t\t\t\t<\/div>\n\t\t\t\t\t<\/div>\n\t\t\t\t<\/div>\n\t\t<div class=\"elementor-element elementor-element-c631809 e-flex e-con-boxed e-con e-parent\" data-id=\"c631809\" data-element_type=\"container\" data-settings=\"{&quot;background_background&quot;:&quot;classic&quot;}\">\n\t\t\t\t\t<div class=\"e-con-inner\">\n\t\t<div class=\"elementor-element elementor-element-fbf35dc e-con-full e-flex e-con e-child\" data-id=\"fbf35dc\" data-element_type=\"container\">\n\t\t<div class=\"elementor-element elementor-element-2195803 e-con-full e-flex e-con e-child\" data-id=\"2195803\" data-element_type=\"container\">\n\t\t<div class=\"elementor-element elementor-element-abade14 e-con-full e-flex e-con e-child\" data-id=\"abade14\" data-element_type=\"container\">\n\t\t<div class=\"elementor-element elementor-element-64e793c e-con-full e-flex e-con e-child\" data-id=\"64e793c\" data-element_type=\"container\">\n\t\t\t\t<div class=\"elementor-element elementor-element-d0e43c3 elementor-invisible elementor-widget elementor-widget-heading\" data-id=\"d0e43c3\" data-element_type=\"widget\" data-settings=\"{&quot;_animation&quot;:&quot;fadeInUp&quot;}\" data-widget_type=\"heading.default\">\n\t\t\t\t\t<h3 class=\"elementor-heading-title elementor-size-default\">Molto pi\u00f9 che <br>architettura<\/h3>\t\t\t\t<\/div>\n\t\t\t\t<\/div>\n\t\t\t\t<div class=\"elementor-element elementor-element-d944a2d about-content-text elementor-invisible elementor-widget elementor-widget-text-editor\" data-id=\"d944a2d\" data-element_type=\"widget\" data-settings=\"{&quot;_animation&quot;:&quot;fadeIn&quot;}\" data-widget_type=\"text-editor.default\">\n\t\t\t\t\t\t\t\t\t<p>Per noi l\u2019immobiliare \u00e8 molto pi\u00f9 che architettura.<\/p><p>\u00c8 uno spazio abitativo curato nei minimi dettagli \u2013 creato per trasmettere un senso di appartenenza, qualit\u00e0 e continuit\u00e0.<\/p><p>Luoghi in cui si vive, si lavora e si investe, e in cui si creano valori destinati a durare per generazioni.<\/p><p>Ciascuno dei nostri progetti nasce da una visione d\u2019insieme di posizione, potenziale e stile di vita. Analizziamo i siti con la stessa cura con cui altri selezionano opere d\u2019arte e sviluppiamo concept che uniscono <strong>architettura, natura e funzionalit\u00e0<\/strong> in un insieme armonioso. <\/p>\t\t\t\t\t\t\t\t<\/div>\n\t\t\t\t<\/div>\n\t\t\t\t<\/div>\n\t\t<div class=\"elementor-element elementor-element-95a8223 e-con-full elementor-hidden-mobile e-flex e-con e-child\" data-id=\"95a8223\" data-element_type=\"container\">\n\t\t\t\t<div class=\"elementor-element elementor-element-d5f8f42 elementor-invisible elementor-widget elementor-widget-image\" data-id=\"d5f8f42\" data-element_type=\"widget\" data-settings=\"{&quot;_animation&quot;:&quot;fadeIn&quot;}\" data-widget_type=\"image.default\">\n\t\t\t\t\t\t\t\t\t\t\t\t\t\t\t<img fetchpriority=\"high\" decoding=\"async\" width=\"1470\" height=\"1125\" src=\"https:\/\/www.mgninvest.at\/wp-content\/uploads\/2025\/11\/about-us-s1.jpg\" class=\"attachment-full size-full wp-image-2863\" alt=\"\" srcset=\"https:\/\/www.mgninvest.at\/wp-content\/uploads\/2025\/11\/about-us-s1.jpg 1470w, https:\/\/www.mgninvest.at\/wp-content\/uploads\/2025\/11\/about-us-s1-300x230.jpg 300w, https:\/\/www.mgninvest.at\/wp-content\/uploads\/2025\/11\/about-us-s1-1024x784.jpg 1024w, https:\/\/www.mgninvest.at\/wp-content\/uploads\/2025\/11\/about-us-s1-768x588.jpg 768w\" sizes=\"(max-width: 1470px) 100vw, 1470px\" \/>\t\t\t\t\t\t\t\t\t\t\t\t\t\t\t<\/div>\n\t\t\t\t<\/div>\n\t\t\t\t<\/div>\n\t\t\t\t\t<\/div>\n\t\t\t\t<\/div>\n\t\t<div class=\"elementor-element elementor-element-9fea29e e-flex e-con-boxed e-con e-parent\" data-id=\"9fea29e\" data-element_type=\"container\">\n\t\t\t\t\t<div class=\"e-con-inner\">\n\t\t\t\t<div class=\"elementor-element elementor-element-c022125 elementor-widget__width-initial elementor-invisible elementor-widget elementor-widget-text-editor\" data-id=\"c022125\" data-element_type=\"widget\" data-settings=\"{&quot;_animation&quot;:&quot;fadeIn&quot;}\" data-widget_type=\"text-editor.default\">\n\t\t\t\t\t\t\t\t\t<p>A partire dalla prima idea attraverso una pianificazione meticolosa fino alla realizzazione finale e alla commercializzazione, ogni progetto MGN segue un\u2019aspirazione chiara: creare spazi che emozionano, ispirano e generano valore a lungo termine \u2013 per chi vi abita, investe o lavora.<\/p>\t\t\t\t\t\t\t\t<\/div>\n\t\t\t\t\t<\/div>\n\t\t\t\t<\/div>\n\t\t<div class=\"elementor-element elementor-element-6dca58d e-con-full e-flex e-con e-parent\" data-id=\"6dca58d\" data-element_type=\"container\">\n\t\t\t\t<div class=\"elementor-element elementor-element-882b619 elementor-hidden-mobile elementor-invisible elementor-widget elementor-widget-image\" data-id=\"882b619\" data-element_type=\"widget\" data-settings=\"{&quot;_animation&quot;:&quot;fadeIn&quot;}\" data-widget_type=\"image.default\">\n\t\t\t\t\t\t\t\t\t\t\t\t\t\t\t<img decoding=\"async\" width=\"2560\" height=\"1000\" src=\"https:\/\/www.mgninvest.at\/wp-content\/uploads\/2025\/11\/about-us-fullW-scaled.jpg\" class=\"attachment-full size-full wp-image-2862\" alt=\"\" srcset=\"https:\/\/www.mgninvest.at\/wp-content\/uploads\/2025\/11\/about-us-fullW-scaled.jpg 2560w, https:\/\/www.mgninvest.at\/wp-content\/uploads\/2025\/11\/about-us-fullW-300x117.jpg 300w, https:\/\/www.mgninvest.at\/wp-content\/uploads\/2025\/11\/about-us-fullW-1024x400.jpg 1024w, https:\/\/www.mgninvest.at\/wp-content\/uploads\/2025\/11\/about-us-fullW-768x300.jpg 768w, https:\/\/www.mgninvest.at\/wp-content\/uploads\/2025\/11\/about-us-fullW-1536x600.jpg 1536w, https:\/\/www.mgninvest.at\/wp-content\/uploads\/2025\/11\/about-us-fullW-2048x800.jpg 2048w\" sizes=\"(max-width: 2560px) 100vw, 2560px\" \/>\t\t\t\t\t\t\t\t\t\t\t\t\t\t\t<\/div>\n\t\t\t\t<div class=\"elementor-element elementor-element-762b4a6 elementor-hidden-desktop elementor-hidden-tablet elementor-invisible elementor-widget elementor-widget-image\" data-id=\"762b4a6\" data-element_type=\"widget\" data-settings=\"{&quot;_animation&quot;:&quot;fadeIn&quot;}\" data-widget_type=\"image.default\">\n\t\t\t\t\t\t\t\t\t\t\t\t\t\t\t<img decoding=\"async\" width=\"804\" height=\"1608\" src=\"https:\/\/www.mgninvest.at\/wp-content\/uploads\/2025\/12\/about-us-2.jpg\" class=\"attachment-full size-full wp-image-2866\" alt=\"\" srcset=\"https:\/\/www.mgninvest.at\/wp-content\/uploads\/2025\/12\/about-us-2.jpg 804w, https:\/\/www.mgninvest.at\/wp-content\/uploads\/2025\/12\/about-us-2-150x300.jpg 150w, https:\/\/www.mgninvest.at\/wp-content\/uploads\/2025\/12\/about-us-2-512x1024.jpg 512w, https:\/\/www.mgninvest.at\/wp-content\/uploads\/2025\/12\/about-us-2-768x1536.jpg 768w\" sizes=\"(max-width: 804px) 100vw, 804px\" \/>\t\t\t\t\t\t\t\t\t\t\t\t\t\t\t<\/div>\n\t\t\t\t<\/div>\n\t\t<div class=\"elementor-element elementor-element-d1c8477 e-flex e-con-boxed e-con e-parent\" data-id=\"d1c8477\" data-element_type=\"container\">\n\t\t\t\t\t<div class=\"e-con-inner\">\n\t\t<div class=\"elementor-element elementor-element-de939e9 e-con-full e-flex e-con e-child\" data-id=\"de939e9\" data-element_type=\"container\">\n\t\t\t\t<div class=\"elementor-element elementor-element-cfdfc6b elementor-invisible elementor-widget elementor-widget-heading\" data-id=\"cfdfc6b\" data-element_type=\"widget\" data-settings=\"{&quot;_animation&quot;:&quot;fadeInUp&quot;}\" data-widget_type=\"heading.default\">\n\t\t\t\t\t<h2 class=\"elementor-heading-title elementor-size-default\">Residenze eccezionali. <br>I luoghi pi\u00f9 belli dell\u2019Austria.<\/h2>\t\t\t\t<\/div>\n\t\t\t\t<\/div>\n\t\t\t\t<div class=\"elementor-element elementor-element-793be5e elementor-widget__width-initial elementor-invisible elementor-widget elementor-widget-text-editor\" data-id=\"793be5e\" data-element_type=\"widget\" data-settings=\"{&quot;_animation&quot;:&quot;fadeIn&quot;}\" data-widget_type=\"text-editor.default\">\n\t\t\t\t\t\t\t\t\t<p><strong>MGN Real Estate<\/strong> \u2013 propriet\u00e0 esclusive nelle localit\u00e0 pi\u00f9 prestigiosi della Carinzia.<\/p>\t\t\t\t\t\t\t\t<\/div>\n\t\t\t\t\t<\/div>\n\t\t\t\t<\/div>\n\t\t\t\t<\/div>\n\t\t","protected":false},"excerpt":{"rendered":"<p>Chi siamo Eccellenza in ogni metro quadrato Da oltre tre decenni ci dedichiamo allo sviluppo di immobili di alta qualit\u00e0 \u2013 con una coerenza e una competenza che traspaiono in ciascuno dei nostri progetti. Molto pi\u00f9 che architettura Per noi l\u2019immobiliare \u00e8 molto pi\u00f9 che architettura. \u00c8 uno spazio abitativo curato nei minimi dettagli \u2013 [&hellip;]<\/p>\n","protected":false},"author":1,"featured_media":0,"parent":0,"menu_order":0,"comment_status":"closed","ping_status":"closed","template":"","meta":{"_acf_changed":false,"footnotes":""},"class_list":["post-2860","page","type-page","status-publish","hentry"],"acf":[],"yoast_head":"<!-- This site is optimized with the Yoast SEO plugin v26.6 - https:\/\/yoast.com\/wordpress\/plugins\/seo\/ -->\n<title>Chi siamo - MGN Real Estate<\/title>\n<meta name=\"robots\" content=\"index, follow, max-snippet:-1, max-image-preview:large, max-video-preview:-1\" \/>\n<link rel=\"canonical\" href=\"https:\/\/www.mgninvest.at\/it\/chi-siamo\/\" \/>\n<meta property=\"og:locale\" content=\"it_IT\" \/>\n<meta property=\"og:type\" content=\"article\" \/>\n<meta property=\"og:title\" content=\"Chi siamo - MGN Real Estate\" \/>\n<meta property=\"og:description\" content=\"Chi siamo Eccellenza in ogni metro quadrato Da oltre tre decenni ci dedichiamo allo sviluppo di immobili di alta qualit\u00e0 \u2013 con una coerenza e una competenza che traspaiono in ciascuno dei nostri progetti. Molto pi\u00f9 che architettura Per noi l\u2019immobiliare \u00e8 molto pi\u00f9 che architettura. \u00c8 uno spazio abitativo curato nei minimi dettagli \u2013 [&hellip;]\" \/>\n<meta property=\"og:url\" content=\"https:\/\/www.mgninvest.at\/it\/chi-siamo\/\" \/>\n<meta property=\"og:site_name\" content=\"MGN Real Estate\" \/>\n<meta property=\"article:publisher\" content=\"https:\/\/www.facebook.com\/MGNRealities\" \/>\n<meta property=\"article:modified_time\" content=\"2026-04-17T05:55:09+00:00\" \/>\n<meta property=\"og:image\" content=\"https:\/\/www.mgninvest.at\/wp-content\/uploads\/2025\/11\/about-us-s1.jpg\" \/>\n\t<meta property=\"og:image:width\" content=\"1470\" \/>\n\t<meta property=\"og:image:height\" content=\"1125\" \/>\n\t<meta property=\"og:image:type\" content=\"image\/jpeg\" \/>\n<meta name=\"twitter:card\" content=\"summary_large_image\" \/>\n<meta name=\"twitter:label1\" content=\"Tempo di lettura stimato\" \/>\n\t<meta name=\"twitter:data1\" content=\"1 minuto\" \/>\n<script type=\"application\/ld+json\" class=\"yoast-schema-graph\">{\"@context\":\"https:\/\/schema.org\",\"@graph\":[{\"@type\":\"WebPage\",\"@id\":\"https:\/\/www.mgninvest.at\/it\/chi-siamo\/\",\"url\":\"https:\/\/www.mgninvest.at\/it\/chi-siamo\/\",\"name\":\"Chi siamo - MGN Real Estate\",\"isPartOf\":{\"@id\":\"https:\/\/www.mgninvest.at\/de\/#website\"},\"primaryImageOfPage\":{\"@id\":\"https:\/\/www.mgninvest.at\/it\/chi-siamo\/#primaryimage\"},\"image\":{\"@id\":\"https:\/\/www.mgninvest.at\/it\/chi-siamo\/#primaryimage\"},\"thumbnailUrl\":\"https:\/\/www.mgninvest.at\/wp-content\/uploads\/2025\/11\/about-us-s1.jpg\",\"datePublished\":\"2025-10-13T11:49:13+00:00\",\"dateModified\":\"2026-04-17T05:55:09+00:00\",\"breadcrumb\":{\"@id\":\"https:\/\/www.mgninvest.at\/it\/chi-siamo\/#breadcrumb\"},\"inLanguage\":\"it-IT\",\"potentialAction\":[{\"@type\":\"ReadAction\",\"target\":[\"https:\/\/www.mgninvest.at\/it\/chi-siamo\/\"]}]},{\"@type\":\"ImageObject\",\"inLanguage\":\"it-IT\",\"@id\":\"https:\/\/www.mgninvest.at\/it\/chi-siamo\/#primaryimage\",\"url\":\"https:\/\/www.mgninvest.at\/wp-content\/uploads\/2025\/11\/about-us-s1.jpg\",\"contentUrl\":\"https:\/\/www.mgninvest.at\/wp-content\/uploads\/2025\/11\/about-us-s1.jpg\"},{\"@type\":\"BreadcrumbList\",\"@id\":\"https:\/\/www.mgninvest.at\/it\/chi-siamo\/#breadcrumb\",\"itemListElement\":[{\"@type\":\"ListItem\",\"position\":1,\"name\":\"Home\",\"item\":\"https:\/\/www.mgninvest.at\/it\/\"},{\"@type\":\"ListItem\",\"position\":2,\"name\":\"Chi siamo\"}]},{\"@type\":\"WebSite\",\"@id\":\"https:\/\/www.mgninvest.at\/de\/#website\",\"url\":\"https:\/\/www.mgninvest.at\/de\/\",\"name\":\"MGN Real Estate\",\"description\":\"Where elegance meets privacy.\",\"publisher\":{\"@id\":\"https:\/\/www.mgninvest.at\/de\/#organization\"},\"potentialAction\":[{\"@type\":\"SearchAction\",\"target\":{\"@type\":\"EntryPoint\",\"urlTemplate\":\"https:\/\/www.mgninvest.at\/de\/?s={search_term_string}\"},\"query-input\":{\"@type\":\"PropertyValueSpecification\",\"valueRequired\":true,\"valueName\":\"search_term_string\"}}],\"inLanguage\":\"it-IT\"},{\"@type\":\"Organization\",\"@id\":\"https:\/\/www.mgninvest.at\/de\/#organization\",\"name\":\"MGN Real Estate\",\"url\":\"https:\/\/www.mgninvest.at\/de\/\",\"logo\":{\"@type\":\"ImageObject\",\"inLanguage\":\"it-IT\",\"@id\":\"https:\/\/www.mgninvest.at\/de\/#\/schema\/logo\/image\/\",\"url\":\"https:\/\/www.mgninvest.at\/wp-content\/uploads\/2025\/10\/mgn-real-estate_logo_black.svg\",\"contentUrl\":\"https:\/\/www.mgninvest.at\/wp-content\/uploads\/2025\/10\/mgn-real-estate_logo_black.svg\",\"width\":172,\"height\":60,\"caption\":\"MGN Real Estate\"},\"image\":{\"@id\":\"https:\/\/www.mgninvest.at\/de\/#\/schema\/logo\/image\/\"},\"sameAs\":[\"https:\/\/www.facebook.com\/MGNRealities\",\"https:\/\/www.instagram.com\/mgnrealestate\/\"]}]}<\/script>\n<!-- \/ Yoast SEO plugin. -->","yoast_head_json":{"title":"Chi siamo - MGN Real Estate","robots":{"index":"index","follow":"follow","max-snippet":"max-snippet:-1","max-image-preview":"max-image-preview:large","max-video-preview":"max-video-preview:-1"},"canonical":"https:\/\/www.mgninvest.at\/it\/chi-siamo\/","og_locale":"it_IT","og_type":"article","og_title":"Chi siamo - MGN Real Estate","og_description":"Chi siamo Eccellenza in ogni metro quadrato Da oltre tre decenni ci dedichiamo allo sviluppo di immobili di alta qualit\u00e0 \u2013 con una coerenza e una competenza che traspaiono in ciascuno dei nostri progetti. Molto pi\u00f9 che architettura Per noi l\u2019immobiliare \u00e8 molto pi\u00f9 che architettura. \u00c8 uno spazio abitativo curato nei minimi dettagli \u2013 [&hellip;]","og_url":"https:\/\/www.mgninvest.at\/it\/chi-siamo\/","og_site_name":"MGN Real Estate","article_publisher":"https:\/\/www.facebook.com\/MGNRealities","article_modified_time":"2026-04-17T05:55:09+00:00","og_image":[{"width":1470,"height":1125,"url":"https:\/\/www.mgninvest.at\/wp-content\/uploads\/2025\/11\/about-us-s1.jpg","type":"image\/jpeg"}],"twitter_card":"summary_large_image","twitter_misc":{"Tempo di lettura stimato":"1 minuto"},"schema":{"@context":"https:\/\/schema.org","@graph":[{"@type":"WebPage","@id":"https:\/\/www.mgninvest.at\/it\/chi-siamo\/","url":"https:\/\/www.mgninvest.at\/it\/chi-siamo\/","name":"Chi siamo - MGN Real Estate","isPartOf":{"@id":"https:\/\/www.mgninvest.at\/de\/#website"},"primaryImageOfPage":{"@id":"https:\/\/www.mgninvest.at\/it\/chi-siamo\/#primaryimage"},"image":{"@id":"https:\/\/www.mgninvest.at\/it\/chi-siamo\/#primaryimage"},"thumbnailUrl":"https:\/\/www.mgninvest.at\/wp-content\/uploads\/2025\/11\/about-us-s1.jpg","datePublished":"2025-10-13T11:49:13+00:00","dateModified":"2026-04-17T05:55:09+00:00","breadcrumb":{"@id":"https:\/\/www.mgninvest.at\/it\/chi-siamo\/#breadcrumb"},"inLanguage":"it-IT","potentialAction":[{"@type":"ReadAction","target":["https:\/\/www.mgninvest.at\/it\/chi-siamo\/"]}]},{"@type":"ImageObject","inLanguage":"it-IT","@id":"https:\/\/www.mgninvest.at\/it\/chi-siamo\/#primaryimage","url":"https:\/\/www.mgninvest.at\/wp-content\/uploads\/2025\/11\/about-us-s1.jpg","contentUrl":"https:\/\/www.mgninvest.at\/wp-content\/uploads\/2025\/11\/about-us-s1.jpg"},{"@type":"BreadcrumbList","@id":"https:\/\/www.mgninvest.at\/it\/chi-siamo\/#breadcrumb","itemListElement":[{"@type":"ListItem","position":1,"name":"Home","item":"https:\/\/www.mgninvest.at\/it\/"},{"@type":"ListItem","position":2,"name":"Chi siamo"}]},{"@type":"WebSite","@id":"https:\/\/www.mgninvest.at\/de\/#website","url":"https:\/\/www.mgninvest.at\/de\/","name":"MGN Real Estate","description":"Where elegance meets privacy.","publisher":{"@id":"https:\/\/www.mgninvest.at\/de\/#organization"},"potentialAction":[{"@type":"SearchAction","target":{"@type":"EntryPoint","urlTemplate":"https:\/\/www.mgninvest.at\/de\/?s={search_term_string}"},"query-input":{"@type":"PropertyValueSpecification","valueRequired":true,"valueName":"search_term_string"}}],"inLanguage":"it-IT"},{"@type":"Organization","@id":"https:\/\/www.mgninvest.at\/de\/#organization","name":"MGN Real Estate","url":"https:\/\/www.mgninvest.at\/de\/","logo":{"@type":"ImageObject","inLanguage":"it-IT","@id":"https:\/\/www.mgninvest.at\/de\/#\/schema\/logo\/image\/","url":"https:\/\/www.mgninvest.at\/wp-content\/uploads\/2025\/10\/mgn-real-estate_logo_black.svg","contentUrl":"https:\/\/www.mgninvest.at\/wp-content\/uploads\/2025\/10\/mgn-real-estate_logo_black.svg","width":172,"height":60,"caption":"MGN Real Estate"},"image":{"@id":"https:\/\/www.mgninvest.at\/de\/#\/schema\/logo\/image\/"},"sameAs":["https:\/\/www.facebook.com\/MGNRealities","https:\/\/www.instagram.com\/mgnrealestate\/"]}]}},"_links":{"self":[{"href":"https:\/\/www.mgninvest.at\/it\/wp-json\/wp\/v2\/pages\/2860","targetHints":{"allow":["GET"]}}],"collection":[{"href":"https:\/\/www.mgninvest.at\/it\/wp-json\/wp\/v2\/pages"}],"about":[{"href":"https:\/\/www.mgninvest.at\/it\/wp-json\/wp\/v2\/types\/page"}],"author":[{"embeddable":true,"href":"https:\/\/www.mgninvest.at\/it\/wp-json\/wp\/v2\/users\/1"}],"replies":[{"embeddable":true,"href":"https:\/\/www.mgninvest.at\/it\/wp-json\/wp\/v2\/comments?post=2860"}],"version-history":[{"count":1,"href":"https:\/\/www.mgninvest.at\/it\/wp-json\/wp\/v2\/pages\/2860\/revisions"}],"predecessor-version":[{"id":2867,"href":"https:\/\/www.mgninvest.at\/it\/wp-json\/wp\/v2\/pages\/2860\/revisions\/2867"}],"wp:attachment":[{"href":"https:\/\/www.mgninvest.at\/it\/wp-json\/wp\/v2\/media?parent=2860"}],"curies":[{"name":"wp","href":"https:\/\/api.w.org\/{rel}","templated":true}]}}