{"id":10,"date":"2025-10-13T11:49:13","date_gmt":"2025-10-13T11:49:13","guid":{"rendered":"https:\/\/www.mgninvest.at\/?page_id=10"},"modified":"2025-12-03T11:06:50","modified_gmt":"2025-12-03T11:06:50","slug":"about-us","status":"publish","type":"page","link":"https:\/\/www.mgninvest.at\/en\/about-us\/","title":{"rendered":"About us"},"content":{"rendered":"\t\t<div data-elementor-type=\"wp-page\" data-elementor-id=\"10\" class=\"elementor elementor-10 elementor-1459\" data-elementor-post-type=\"page\">\n\t\t\t\t<div class=\"elementor-element elementor-element-d9867d8 e-flex e-con-boxed e-con e-parent\" data-id=\"d9867d8\" data-element_type=\"container\" data-settings=\"{&quot;background_background&quot;:&quot;classic&quot;}\">\n\t\t\t\t\t<div class=\"e-con-inner\">\n\t\t<div class=\"elementor-element elementor-element-2dd3353 e-con-full e-flex e-con e-child\" data-id=\"2dd3353\" data-element_type=\"container\">\n\t\t\t\t<div class=\"elementor-element elementor-element-030ddbe elementor-widget__width-initial elementor-invisible elementor-widget elementor-widget-heading\" data-id=\"030ddbe\" data-element_type=\"widget\" data-settings=\"{&quot;_animation&quot;:&quot;fadeInUp&quot;}\" data-widget_type=\"heading.default\">\n\t\t\t\t\t<h1 class=\"elementor-heading-title elementor-size-default\">\u00dcber uns\u200b<\/h1>\t\t\t\t<\/div>\n\t\t\t\t<\/div>\n\t\t\t\t\t<\/div>\n\t\t\t\t<\/div>\n\t\t<div class=\"elementor-element elementor-element-7f85aa2 e-flex e-con-boxed e-con e-parent\" data-id=\"7f85aa2\" data-element_type=\"container\">\n\t\t\t\t\t<div class=\"e-con-inner\">\n\t\t<div class=\"elementor-element elementor-element-82a0ee4 e-con-full e-flex e-con e-child\" data-id=\"82a0ee4\" data-element_type=\"container\">\n\t\t\t\t<div class=\"elementor-element elementor-element-801b88f elementor-invisible elementor-widget elementor-widget-heading\" data-id=\"801b88f\" data-element_type=\"widget\" data-settings=\"{&quot;_animation&quot;:&quot;fadeInUp&quot;}\" data-widget_type=\"heading.default\">\n\t\t\t\t\t<h2 class=\"elementor-heading-title elementor-size-default\">Excellence in Every Square Meter<\/h2>\t\t\t\t<\/div>\n\t\t\t\t<\/div>\n\t\t\t\t<div class=\"elementor-element elementor-element-f4de9de elementor-widget__width-initial elementor-invisible elementor-widget elementor-widget-text-editor\" data-id=\"f4de9de\" data-element_type=\"widget\" data-settings=\"{&quot;_animation&quot;:&quot;fadeIn&quot;}\" data-widget_type=\"text-editor.default\">\n\t\t\t\t\t\t\t\t\t<p>Seit <strong>\u00fcber drei Jahrzehnten<\/strong> widmen wir uns der Entwicklung hochwertiger Immobilien \u2013 mit einer Best\u00e4ndigkeit und Expertise, die man in jedem unserer Projekte sp\u00fcrt.<\/p>\t\t\t\t\t\t\t\t<\/div>\n\t\t\t\t\t<\/div>\n\t\t\t\t<\/div>\n\t\t<div class=\"elementor-element elementor-element-c631809 e-flex e-con-boxed e-con e-parent\" data-id=\"c631809\" data-element_type=\"container\">\n\t\t\t\t\t<div class=\"e-con-inner\">\n\t\t<div class=\"elementor-element elementor-element-fbf35dc e-con-full e-flex e-con e-child\" data-id=\"fbf35dc\" data-element_type=\"container\">\n\t\t<div class=\"elementor-element elementor-element-2195803 e-con-full e-flex e-con e-child\" data-id=\"2195803\" data-element_type=\"container\">\n\t\t<div class=\"elementor-element elementor-element-abade14 e-con-full e-flex e-con e-child\" data-id=\"abade14\" data-element_type=\"container\">\n\t\t<div class=\"elementor-element elementor-element-64e793c e-con-full e-flex e-con e-child\" data-id=\"64e793c\" data-element_type=\"container\">\n\t\t\t\t<div class=\"elementor-element elementor-element-d0e43c3 elementor-invisible elementor-widget elementor-widget-heading\" data-id=\"d0e43c3\" data-element_type=\"widget\" data-settings=\"{&quot;_animation&quot;:&quot;fadeInUp&quot;}\" data-widget_type=\"heading.default\">\n\t\t\t\t\t<h3 class=\"elementor-heading-title elementor-size-default\">Weit mehr <br>\nals Architektur<\/h3>\t\t\t\t<\/div>\n\t\t\t\t<\/div>\n\t\t\t\t<div class=\"elementor-element elementor-element-d944a2d elementor-invisible elementor-widget elementor-widget-text-editor\" data-id=\"d944a2d\" data-element_type=\"widget\" data-settings=\"{&quot;_animation&quot;:&quot;fadeIn&quot;}\" data-widget_type=\"text-editor.default\">\n\t\t\t\t\t\t\t\t\t<p>F\u00fcr uns sind Immobilien weit mehr als Architektur.<\/p><p>Sie sind kuratierte Lebensr\u00e4ume \u2013 geschaffen, um Menschen ein Gef\u00fchl von Ankunft, Qualit\u00e4t und Dauerhaftigkeit zu geben.<\/p><p>Orte, an denen gewohnt, gearbeitet und investiert wird, und an denen Werte entstehen, die \u00fcber Generationen hinaus tragen.<\/p>\t\t\t\t\t\t\t\t<\/div>\n\t\t\t\t<\/div>\n\t\t\t\t<\/div>\n\t\t<div class=\"elementor-element elementor-element-95a8223 e-con-full e-flex e-con e-child\" data-id=\"95a8223\" data-element_type=\"container\">\n\t\t\t\t<div class=\"elementor-element elementor-element-d5f8f42 elementor-invisible elementor-widget elementor-widget-image\" data-id=\"d5f8f42\" data-element_type=\"widget\" data-settings=\"{&quot;_animation&quot;:&quot;fadeIn&quot;}\" data-widget_type=\"image.default\">\n\t\t\t\t\t\t\t\t\t\t\t\t\t\t\t<img fetchpriority=\"high\" decoding=\"async\" width=\"1470\" height=\"1125\" src=\"https:\/\/www.mgninvest.at\/wp-content\/uploads\/2025\/11\/about-us-s1.jpg\" class=\"attachment-full size-full wp-image-1455\" alt=\"\" srcset=\"https:\/\/www.mgninvest.at\/wp-content\/uploads\/2025\/11\/about-us-s1.jpg 1470w, https:\/\/www.mgninvest.at\/wp-content\/uploads\/2025\/11\/about-us-s1-300x230.jpg 300w, https:\/\/www.mgninvest.at\/wp-content\/uploads\/2025\/11\/about-us-s1-1024x784.jpg 1024w, https:\/\/www.mgninvest.at\/wp-content\/uploads\/2025\/11\/about-us-s1-768x588.jpg 768w\" sizes=\"(max-width: 1470px) 100vw, 1470px\" \/>\t\t\t\t\t\t\t\t\t\t\t\t\t\t\t<\/div>\n\t\t\t\t<\/div>\n\t\t\t\t<\/div>\n\t\t\t\t\t<\/div>\n\t\t\t\t<\/div>\n\t\t<div class=\"elementor-element elementor-element-9fea29e e-flex e-con-boxed e-con e-parent\" data-id=\"9fea29e\" data-element_type=\"container\">\n\t\t\t\t\t<div class=\"e-con-inner\">\n\t\t\t\t<div class=\"elementor-element elementor-element-c022125 elementor-widget__width-initial elementor-invisible elementor-widget elementor-widget-text-editor\" data-id=\"c022125\" data-element_type=\"widget\" data-settings=\"{&quot;_animation&quot;:&quot;fadeIn&quot;}\" data-widget_type=\"text-editor.default\">\n\t\t\t\t\t\t\t\t\t<p>Jedes unserer Projekte entsteht aus einem ganzheitlichen Verst\u00e4ndnis f\u00fcr Lage, Potenzial und Lebensstil. Wir analysieren Standorte mit derselben Sorgfalt, mit der andere Kunstwerke ausw\u00e4hlen, und entwickeln Konzepte, die <b>Architektur, Natur und Funktionalit\u00e4t<\/b> zu einem harmonischen Ganzen verbinden.<\/p>\t\t\t\t\t\t\t\t<\/div>\n\t\t\t\t\t<\/div>\n\t\t\t\t<\/div>\n\t\t<div class=\"elementor-element elementor-element-6dca58d e-con-full e-flex e-con e-parent\" data-id=\"6dca58d\" data-element_type=\"container\">\n\t\t\t\t<div class=\"elementor-element elementor-element-882b619 elementor-invisible elementor-widget elementor-widget-image\" data-id=\"882b619\" data-element_type=\"widget\" data-settings=\"{&quot;_animation&quot;:&quot;fadeIn&quot;}\" data-widget_type=\"image.default\">\n\t\t\t\t\t\t\t\t\t\t\t\t\t\t\t<img decoding=\"async\" width=\"2560\" height=\"1000\" src=\"https:\/\/www.mgninvest.at\/wp-content\/uploads\/2025\/11\/about-us-fullW-scaled.jpg\" class=\"attachment-full size-full wp-image-1447\" alt=\"\" srcset=\"https:\/\/www.mgninvest.at\/wp-content\/uploads\/2025\/11\/about-us-fullW-scaled.jpg 2560w, https:\/\/www.mgninvest.at\/wp-content\/uploads\/2025\/11\/about-us-fullW-300x117.jpg 300w, https:\/\/www.mgninvest.at\/wp-content\/uploads\/2025\/11\/about-us-fullW-1024x400.jpg 1024w, https:\/\/www.mgninvest.at\/wp-content\/uploads\/2025\/11\/about-us-fullW-768x300.jpg 768w, https:\/\/www.mgninvest.at\/wp-content\/uploads\/2025\/11\/about-us-fullW-1536x600.jpg 1536w, https:\/\/www.mgninvest.at\/wp-content\/uploads\/2025\/11\/about-us-fullW-2048x800.jpg 2048w\" sizes=\"(max-width: 2560px) 100vw, 2560px\" \/>\t\t\t\t\t\t\t\t\t\t\t\t\t\t\t<\/div>\n\t\t\t\t<\/div>\n\t\t<div class=\"elementor-element elementor-element-d1c8477 e-flex e-con-boxed e-con e-parent\" data-id=\"d1c8477\" data-element_type=\"container\">\n\t\t\t\t\t<div class=\"e-con-inner\">\n\t\t\t\t<div class=\"elementor-element elementor-element-793be5e elementor-widget__width-initial elementor-invisible elementor-widget elementor-widget-text-editor\" data-id=\"793be5e\" data-element_type=\"widget\" data-settings=\"{&quot;_animation&quot;:&quot;fadeIn&quot;}\" data-widget_type=\"text-editor.default\">\n\t\t\t\t\t\t\t\t\t<p>Von der ersten Vision \u00fcber die detailverliebte Planung bis zur finalen Realisierung und Vermarktung folgt jedes MGN-Projekt einem klaren Anspruch: <b>R\u00e4ume zu schaffen, die ber\u00fchren, inspirieren und langfristig Wert schaffen<\/b> \u2013 f\u00fcr jene, die darin leben, investieren oder wirken.<\/p>\t\t\t\t\t\t\t\t<\/div>\n\t\t\t\t\t<\/div>\n\t\t\t\t<\/div>\n\t\t\t\t<\/div>\n\t\t","protected":false},"excerpt":{"rendered":"<p>\u00dcber uns\u200b Excellence in Every Square Meter Seit \u00fcber drei Jahrzehnten widmen wir uns der Entwicklung hochwertiger Immobilien \u2013 mit einer Best\u00e4ndigkeit und Expertise, die man in jedem unserer Projekte sp\u00fcrt. Weit mehr als Architektur F\u00fcr uns sind Immobilien weit mehr als Architektur. Sie sind kuratierte Lebensr\u00e4ume \u2013 geschaffen, um Menschen ein Gef\u00fchl von Ankunft, [&hellip;]<\/p>\n","protected":false},"author":1,"featured_media":0,"parent":0,"menu_order":0,"comment_status":"closed","ping_status":"closed","template":"","meta":{"_acf_changed":false,"footnotes":""},"class_list":["post-10","page","type-page","status-publish","hentry"],"acf":[],"yoast_head":"<!-- This site is optimized with the Yoast SEO plugin v26.6 - https:\/\/yoast.com\/wordpress\/plugins\/seo\/ -->\n<title>About us - MGN Real Estate<\/title>\n<meta name=\"robots\" content=\"index, follow, max-snippet:-1, max-image-preview:large, max-video-preview:-1\" \/>\n<link rel=\"canonical\" href=\"https:\/\/www.mgninvest.at\/about-us\/\" \/>\n<meta property=\"og:locale\" content=\"en_US\" \/>\n<meta property=\"og:type\" content=\"article\" \/>\n<meta property=\"og:title\" content=\"About us - MGN Real Estate\" \/>\n<meta property=\"og:description\" content=\"\u00dcber uns\u200b Excellence in Every Square Meter Seit \u00fcber drei Jahrzehnten widmen wir uns der Entwicklung hochwertiger Immobilien \u2013 mit einer Best\u00e4ndigkeit und Expertise, die man in jedem unserer Projekte sp\u00fcrt. Weit mehr als Architektur F\u00fcr uns sind Immobilien weit mehr als Architektur. Sie sind kuratierte Lebensr\u00e4ume \u2013 geschaffen, um Menschen ein Gef\u00fchl von Ankunft, [&hellip;]\" \/>\n<meta property=\"og:url\" content=\"https:\/\/www.mgninvest.at\/about-us\/\" \/>\n<meta property=\"og:site_name\" content=\"MGN Real Estate\" \/>\n<meta property=\"article:publisher\" content=\"https:\/\/www.facebook.com\/MGNRealities\" \/>\n<meta property=\"article:modified_time\" content=\"2025-12-03T11:06:50+00:00\" \/>\n<meta property=\"og:image\" content=\"https:\/\/www.mgninvest.at\/wp-content\/uploads\/2025\/11\/about-us-s1.jpg\" \/>\n<meta name=\"twitter:card\" content=\"summary_large_image\" \/>\n<meta name=\"twitter:label1\" content=\"Est. reading time\" \/>\n\t<meta name=\"twitter:data1\" content=\"1 minute\" \/>\n<script type=\"application\/ld+json\" class=\"yoast-schema-graph\">{\"@context\":\"https:\/\/schema.org\",\"@graph\":[{\"@type\":\"WebPage\",\"@id\":\"https:\/\/www.mgninvest.at\/about-us\/\",\"url\":\"https:\/\/www.mgninvest.at\/about-us\/\",\"name\":\"About us - MGN Real Estate\",\"isPartOf\":{\"@id\":\"https:\/\/www.mgninvest.at\/#website\"},\"primaryImageOfPage\":{\"@id\":\"https:\/\/www.mgninvest.at\/about-us\/#primaryimage\"},\"image\":{\"@id\":\"https:\/\/www.mgninvest.at\/about-us\/#primaryimage\"},\"thumbnailUrl\":\"https:\/\/www.mgninvest.at\/wp-content\/uploads\/2025\/11\/about-us-s1.jpg\",\"datePublished\":\"2025-10-13T11:49:13+00:00\",\"dateModified\":\"2025-12-03T11:06:50+00:00\",\"breadcrumb\":{\"@id\":\"https:\/\/www.mgninvest.at\/about-us\/#breadcrumb\"},\"inLanguage\":\"en-US\",\"potentialAction\":[{\"@type\":\"ReadAction\",\"target\":[\"https:\/\/www.mgninvest.at\/about-us\/\"]}]},{\"@type\":\"ImageObject\",\"inLanguage\":\"en-US\",\"@id\":\"https:\/\/www.mgninvest.at\/about-us\/#primaryimage\",\"url\":\"https:\/\/www.mgninvest.at\/wp-content\/uploads\/2025\/11\/about-us-s1.jpg\",\"contentUrl\":\"https:\/\/www.mgninvest.at\/wp-content\/uploads\/2025\/11\/about-us-s1.jpg\"},{\"@type\":\"BreadcrumbList\",\"@id\":\"https:\/\/www.mgninvest.at\/about-us\/#breadcrumb\",\"itemListElement\":[{\"@type\":\"ListItem\",\"position\":1,\"name\":\"Home\",\"item\":\"https:\/\/www.mgninvest.at\/en\/\"},{\"@type\":\"ListItem\",\"position\":2,\"name\":\"About us\"}]},{\"@type\":\"WebSite\",\"@id\":\"https:\/\/www.mgninvest.at\/#website\",\"url\":\"https:\/\/www.mgninvest.at\/\",\"name\":\"MGN Real Estate\",\"description\":\"Where elegance meets privacy.\",\"publisher\":{\"@id\":\"https:\/\/www.mgninvest.at\/#organization\"},\"potentialAction\":[{\"@type\":\"SearchAction\",\"target\":{\"@type\":\"EntryPoint\",\"urlTemplate\":\"https:\/\/www.mgninvest.at\/?s={search_term_string}\"},\"query-input\":{\"@type\":\"PropertyValueSpecification\",\"valueRequired\":true,\"valueName\":\"search_term_string\"}}],\"inLanguage\":\"en-US\"},{\"@type\":\"Organization\",\"@id\":\"https:\/\/www.mgninvest.at\/#organization\",\"name\":\"MGN Real Estate\",\"url\":\"https:\/\/www.mgninvest.at\/\",\"logo\":{\"@type\":\"ImageObject\",\"inLanguage\":\"en-US\",\"@id\":\"https:\/\/www.mgninvest.at\/#\/schema\/logo\/image\/\",\"url\":\"https:\/\/www.mgninvest.at\/wp-content\/uploads\/2025\/10\/mgn-real-estate_logo_black.svg\",\"contentUrl\":\"https:\/\/www.mgninvest.at\/wp-content\/uploads\/2025\/10\/mgn-real-estate_logo_black.svg\",\"width\":172,\"height\":60,\"caption\":\"MGN Real Estate\"},\"image\":{\"@id\":\"https:\/\/www.mgninvest.at\/#\/schema\/logo\/image\/\"},\"sameAs\":[\"https:\/\/www.facebook.com\/MGNRealities\",\"https:\/\/www.instagram.com\/mgnrealestate\/\"]}]}<\/script>\n<!-- \/ Yoast SEO plugin. -->","yoast_head_json":{"title":"About us - MGN Real Estate","robots":{"index":"index","follow":"follow","max-snippet":"max-snippet:-1","max-image-preview":"max-image-preview:large","max-video-preview":"max-video-preview:-1"},"canonical":"https:\/\/www.mgninvest.at\/about-us\/","og_locale":"en_US","og_type":"article","og_title":"About us - MGN Real Estate","og_description":"\u00dcber uns\u200b Excellence in Every Square Meter Seit \u00fcber drei Jahrzehnten widmen wir uns der Entwicklung hochwertiger Immobilien \u2013 mit einer Best\u00e4ndigkeit und Expertise, die man in jedem unserer Projekte sp\u00fcrt. Weit mehr als Architektur F\u00fcr uns sind Immobilien weit mehr als Architektur. Sie sind kuratierte Lebensr\u00e4ume \u2013 geschaffen, um Menschen ein Gef\u00fchl von Ankunft, [&hellip;]","og_url":"https:\/\/www.mgninvest.at\/about-us\/","og_site_name":"MGN Real Estate","article_publisher":"https:\/\/www.facebook.com\/MGNRealities","article_modified_time":"2025-12-03T11:06:50+00:00","og_image":[{"url":"https:\/\/www.mgninvest.at\/wp-content\/uploads\/2025\/11\/about-us-s1.jpg","type":"","width":"","height":""}],"twitter_card":"summary_large_image","twitter_misc":{"Est. reading time":"1 minute"},"schema":{"@context":"https:\/\/schema.org","@graph":[{"@type":"WebPage","@id":"https:\/\/www.mgninvest.at\/about-us\/","url":"https:\/\/www.mgninvest.at\/about-us\/","name":"About us - MGN Real Estate","isPartOf":{"@id":"https:\/\/www.mgninvest.at\/#website"},"primaryImageOfPage":{"@id":"https:\/\/www.mgninvest.at\/about-us\/#primaryimage"},"image":{"@id":"https:\/\/www.mgninvest.at\/about-us\/#primaryimage"},"thumbnailUrl":"https:\/\/www.mgninvest.at\/wp-content\/uploads\/2025\/11\/about-us-s1.jpg","datePublished":"2025-10-13T11:49:13+00:00","dateModified":"2025-12-03T11:06:50+00:00","breadcrumb":{"@id":"https:\/\/www.mgninvest.at\/about-us\/#breadcrumb"},"inLanguage":"en-US","potentialAction":[{"@type":"ReadAction","target":["https:\/\/www.mgninvest.at\/about-us\/"]}]},{"@type":"ImageObject","inLanguage":"en-US","@id":"https:\/\/www.mgninvest.at\/about-us\/#primaryimage","url":"https:\/\/www.mgninvest.at\/wp-content\/uploads\/2025\/11\/about-us-s1.jpg","contentUrl":"https:\/\/www.mgninvest.at\/wp-content\/uploads\/2025\/11\/about-us-s1.jpg"},{"@type":"BreadcrumbList","@id":"https:\/\/www.mgninvest.at\/about-us\/#breadcrumb","itemListElement":[{"@type":"ListItem","position":1,"name":"Home","item":"https:\/\/www.mgninvest.at\/en\/"},{"@type":"ListItem","position":2,"name":"About us"}]},{"@type":"WebSite","@id":"https:\/\/www.mgninvest.at\/#website","url":"https:\/\/www.mgninvest.at\/","name":"MGN Real Estate","description":"Where elegance meets privacy.","publisher":{"@id":"https:\/\/www.mgninvest.at\/#organization"},"potentialAction":[{"@type":"SearchAction","target":{"@type":"EntryPoint","urlTemplate":"https:\/\/www.mgninvest.at\/?s={search_term_string}"},"query-input":{"@type":"PropertyValueSpecification","valueRequired":true,"valueName":"search_term_string"}}],"inLanguage":"en-US"},{"@type":"Organization","@id":"https:\/\/www.mgninvest.at\/#organization","name":"MGN Real Estate","url":"https:\/\/www.mgninvest.at\/","logo":{"@type":"ImageObject","inLanguage":"en-US","@id":"https:\/\/www.mgninvest.at\/#\/schema\/logo\/image\/","url":"https:\/\/www.mgninvest.at\/wp-content\/uploads\/2025\/10\/mgn-real-estate_logo_black.svg","contentUrl":"https:\/\/www.mgninvest.at\/wp-content\/uploads\/2025\/10\/mgn-real-estate_logo_black.svg","width":172,"height":60,"caption":"MGN Real Estate"},"image":{"@id":"https:\/\/www.mgninvest.at\/#\/schema\/logo\/image\/"},"sameAs":["https:\/\/www.facebook.com\/MGNRealities","https:\/\/www.instagram.com\/mgnrealestate\/"]}]}},"_links":{"self":[{"href":"https:\/\/www.mgninvest.at\/en\/wp-json\/wp\/v2\/pages\/10","targetHints":{"allow":["GET"]}}],"collection":[{"href":"https:\/\/www.mgninvest.at\/en\/wp-json\/wp\/v2\/pages"}],"about":[{"href":"https:\/\/www.mgninvest.at\/en\/wp-json\/wp\/v2\/types\/page"}],"author":[{"embeddable":true,"href":"https:\/\/www.mgninvest.at\/en\/wp-json\/wp\/v2\/users\/1"}],"replies":[{"embeddable":true,"href":"https:\/\/www.mgninvest.at\/en\/wp-json\/wp\/v2\/comments?post=10"}],"version-history":[{"count":41,"href":"https:\/\/www.mgninvest.at\/en\/wp-json\/wp\/v2\/pages\/10\/revisions"}],"predecessor-version":[{"id":1458,"href":"https:\/\/www.mgninvest.at\/en\/wp-json\/wp\/v2\/pages\/10\/revisions\/1458"}],"wp:attachment":[{"href":"https:\/\/www.mgninvest.at\/en\/wp-json\/wp\/v2\/media?parent=10"}],"curies":[{"name":"wp","href":"https:\/\/api.w.org\/{rel}","templated":true}]}}