{"id":1902,"date":"2025-12-15T07:03:30","date_gmt":"2025-12-15T07:03:30","guid":{"rendered":"https:\/\/www.mgninvest.at\/?page_id=1902"},"modified":"2026-04-17T10:49:04","modified_gmt":"2026-04-17T10:49:04","slug":"impressum","status":"publish","type":"page","link":"https:\/\/www.mgninvest.at\/de\/impressum\/","title":{"rendered":"Impressum"},"content":{"rendered":"\t\t<div data-elementor-type=\"wp-page\" data-elementor-id=\"1902\" class=\"elementor elementor-1902\" data-elementor-post-type=\"page\">\n\t\t\t\t<div class=\"elementor-element elementor-element-798269e2 daten agb e-flex e-con-boxed e-con e-parent\" data-id=\"798269e2\" data-element_type=\"container\">\n\t\t\t\t\t<div class=\"e-con-inner\">\n\t\t\t\t<div class=\"elementor-element elementor-element-8280680 elementor-widget elementor-widget-heading\" data-id=\"8280680\" data-element_type=\"widget\" data-widget_type=\"heading.default\">\n\t\t\t\t\t<h1 class=\"elementor-heading-title elementor-size-default\">Impressum <\/h1>\t\t\t\t<\/div>\n\t\t\t\t<div class=\"elementor-element elementor-element-645ad5c9 elementor-widget__width-initial elementor-widget elementor-widget-text-editor\" data-id=\"645ad5c9\" data-element_type=\"widget\" data-widget_type=\"text-editor.default\">\n\t\t\t\t\t\t\t\t\t<p>gem\u00e4\u00df \u00a7 5 E-Commerce-Gesetz (ECG), \u00a7 24 Mediengesetz (MedienG) und \u00a7 14 Unternehmensgesetzbuch (UGB)<\/p><p><strong>Unternehmensbezeichnung:<\/strong><b><br \/><\/b>MGN Investment Group GmbH<\/p><p><strong>Rechtsform:<\/strong><b><br \/><\/b>Gesellschaft mit beschr\u00e4nkter Haftung (GmbH)<\/p><p><strong>Firmensitz \/ Gesch\u00e4ftsanschrift:<\/strong><b><br \/><\/b>Ringmauergasse 3<br \/>9500 Villach, \u00d6sterreich<\/p><p><strong>Unternehmensgegenstand:<\/strong><b><br \/><\/b>Immobilienentwicklung, Immobilienprojektierung, Bautr\u00e4gerleistungen, Immobilieninvestment Immobilienvermarktung, Immobillienvermittlung<\/p><p><strong>Firmenbuchnummer:<\/strong><b><br \/><\/b>FN 578247P<\/p><p><strong>Firmenbuchgericht:<\/strong><b><br \/><\/b>Landesgericht Klagenfurt<\/p><p><strong>UID-Nummer (Umsatzsteuer-ID):<\/strong><b><br \/><\/b>ATU78353158<\/p><p><strong>Gesch\u00e4ftsf\u00fchrung:<\/strong><b><br \/><\/b>Gerhard Mosser<br \/>Mag. Martin Kolbitsch<br \/>MMag. Christian Polessnig<\/p><p><strong>Kontakt:<\/strong><br \/>Telefon:<br \/>+43 4242 404 84 35<br \/>+43 676 84 88 06 250<br \/>+43676 84 88 06 255<\/p><p>E-mail:<br \/>office@mgninvest.at<\/p><p>Webadresse:<br \/>www.mgninvest.at<\/p><p style=\"margin-bottom: 0;\"><strong>Medieninhaber, Herausgeber &amp; grundlegende Richtung der Website<\/strong><\/p><p>(\u00a7 24 MedienG)<\/p><p><strong>Medieninhaber &amp; Herausgeber:<\/strong><b><br \/><\/b>MGN Investment Group GmbH<\/p><p><strong>Grundlegende Richtung der Website:<\/strong><b><br \/><\/b>Informationen \u00fcber Immobilienprojekte, Leistungen, Unternehmenst\u00e4tigkeit sowie Pr\u00e4sentation von Projekten und Investments der MGN Investment GmbH.<\/p><p style=\"margin-bottom: 0;\"><strong>Haftungsausschluss<\/strong><\/p><p>Trotz sorgf\u00e4ltiger Zusammenstellung der Inhalte \u00fcbernimmt MGN keine Gew\u00e4hr f\u00fcr Richtigkeit, Vollst\u00e4ndigkeit oder Aktualit\u00e4t aller Angaben.<br \/>F\u00fcr Inhalte externer Links wird keine Haftung \u00fcbernommen; f\u00fcr den Inhalt der verlinkten Seiten sind ausschlie\u00dflich deren Betreiber verantwortlich.<\/p><p style=\"margin-bottom: 0;\"><strong>Urheberrecht<\/strong><\/p><p>Alle Inhalte dieser Website (Texte, Bilder, Layouts, Renderings, Pl\u00e4ne, Grafiken etc.) sind urheberrechtlich gesch\u00fctzt. Jede Nutzung \u00fcber den privaten Gebrauch hinaus bedarf der schriftlichen Zustimmung der MGN.<\/p><p style=\"margin-bottom: 0;\"><strong>Online-Streitbeilegung \/ Verbraucherschlichtung<\/strong><\/p><p>Die Europ\u00e4ische Kommission stellt eine Plattform zur Online-Streitbeilegung bereit:<br \/><a href=\"https:\/\/ec.europa.eu\/consumers\/odr\/\">https:\/\/ec.europa.eu\/consumers\/odr\/<\/a><\/p><p>MGN ist nicht verpflichtet und grunds\u00e4tzlich nicht bereit, an Streitbeilegungsverfahren vor einer Verbraucherschlichtungsstelle teilzunehmen.<\/p>\t\t\t\t\t\t\t\t<\/div>\n\t\t\t\t\t<\/div>\n\t\t\t\t<\/div>\n\t\t\t\t<\/div>\n\t\t","protected":false},"excerpt":{"rendered":"<p>Impressum gem\u00e4\u00df \u00a7 5 E-Commerce-Gesetz (ECG), \u00a7 24 Mediengesetz (MedienG) und \u00a7 14 Unternehmensgesetzbuch (UGB) Unternehmensbezeichnung:MGN Investment Group GmbH Rechtsform:Gesellschaft mit beschr\u00e4nkter Haftung (GmbH) Firmensitz \/ Gesch\u00e4ftsanschrift:Ringmauergasse 39500 Villach, \u00d6sterreich Unternehmensgegenstand:Immobilienentwicklung, Immobilienprojektierung, Bautr\u00e4gerleistungen, Immobilieninvestment Immobilienvermarktung, Immobillienvermittlung Firmenbuchnummer:FN 578247P Firmenbuchgericht:Landesgericht Klagenfurt UID-Nummer (Umsatzsteuer-ID):ATU78353158 Gesch\u00e4ftsf\u00fchrung:Gerhard MosserMag. Martin KolbitschMMag. Christian Polessnig Kontakt:Telefon:+43 4242 404 84 35+43 676 84 [&hellip;]<\/p>\n","protected":false},"author":1,"featured_media":0,"parent":0,"menu_order":0,"comment_status":"closed","ping_status":"closed","template":"","meta":{"_acf_changed":false,"footnotes":""},"class_list":["post-1902","page","type-page","status-publish","hentry"],"acf":[],"yoast_head":"<!-- This site is optimized with the Yoast SEO plugin v26.6 - https:\/\/yoast.com\/wordpress\/plugins\/seo\/ -->\n<title>Impressum - MGN Real Estate<\/title>\n<meta name=\"robots\" content=\"noindex, follow\" \/>\n<meta property=\"og:locale\" content=\"de_DE\" \/>\n<meta property=\"og:type\" content=\"article\" \/>\n<meta property=\"og:title\" content=\"Impressum - MGN Real Estate\" \/>\n<meta property=\"og:description\" content=\"Impressum gem\u00e4\u00df \u00a7 5 E-Commerce-Gesetz (ECG), \u00a7 24 Mediengesetz (MedienG) und \u00a7 14 Unternehmensgesetzbuch (UGB) Unternehmensbezeichnung:MGN Investment Group GmbH Rechtsform:Gesellschaft mit beschr\u00e4nkter Haftung (GmbH) Firmensitz \/ Gesch\u00e4ftsanschrift:Ringmauergasse 39500 Villach, \u00d6sterreich Unternehmensgegenstand:Immobilienentwicklung, Immobilienprojektierung, Bautr\u00e4gerleistungen, Immobilieninvestment Immobilienvermarktung, Immobillienvermittlung Firmenbuchnummer:FN 578247P Firmenbuchgericht:Landesgericht Klagenfurt UID-Nummer (Umsatzsteuer-ID):ATU78353158 Gesch\u00e4ftsf\u00fchrung:Gerhard MosserMag. Martin KolbitschMMag. Christian Polessnig Kontakt:Telefon:+43 4242 404 84 35+43 676 84 [&hellip;]\" \/>\n<meta property=\"og:url\" content=\"https:\/\/www.mgninvest.at\/it\/note-legali\/\" \/>\n<meta property=\"og:site_name\" content=\"MGN Real Estate\" \/>\n<meta property=\"article:publisher\" content=\"https:\/\/www.facebook.com\/MGNRealities\" \/>\n<meta property=\"article:modified_time\" content=\"2026-04-17T10:49:04+00:00\" \/>\n<meta name=\"twitter:card\" content=\"summary_large_image\" \/>\n<meta name=\"twitter:label1\" content=\"Gesch\u00e4tzte Lesezeit\" \/>\n\t<meta name=\"twitter:data1\" content=\"2\u00a0Minuten\" \/>\n<script type=\"application\/ld+json\" class=\"yoast-schema-graph\">{\"@context\":\"https:\/\/schema.org\",\"@graph\":[{\"@type\":\"WebPage\",\"@id\":\"https:\/\/www.mgninvest.at\/it\/note-legali\/\",\"url\":\"https:\/\/www.mgninvest.at\/it\/note-legali\/\",\"name\":\"Impressum - MGN Real Estate\",\"isPartOf\":{\"@id\":\"https:\/\/www.mgninvest.at\/de\/#website\"},\"datePublished\":\"2025-12-15T07:03:30+00:00\",\"dateModified\":\"2026-04-17T10:49:04+00:00\",\"breadcrumb\":{\"@id\":\"https:\/\/www.mgninvest.at\/it\/note-legali\/#breadcrumb\"},\"inLanguage\":\"de\",\"potentialAction\":[{\"@type\":\"ReadAction\",\"target\":[\"https:\/\/www.mgninvest.at\/it\/note-legali\/\"]}]},{\"@type\":\"BreadcrumbList\",\"@id\":\"https:\/\/www.mgninvest.at\/it\/note-legali\/#breadcrumb\",\"itemListElement\":[{\"@type\":\"ListItem\",\"position\":1,\"name\":\"Home\",\"item\":\"https:\/\/www.mgninvest.at\/de\/\"},{\"@type\":\"ListItem\",\"position\":2,\"name\":\"Impressum\"}]},{\"@type\":\"WebSite\",\"@id\":\"https:\/\/www.mgninvest.at\/de\/#website\",\"url\":\"https:\/\/www.mgninvest.at\/de\/\",\"name\":\"MGN Real Estate\",\"description\":\"Fine Residences in Carinthia\",\"publisher\":{\"@id\":\"https:\/\/www.mgninvest.at\/de\/#organization\"},\"potentialAction\":[{\"@type\":\"SearchAction\",\"target\":{\"@type\":\"EntryPoint\",\"urlTemplate\":\"https:\/\/www.mgninvest.at\/de\/?s={search_term_string}\"},\"query-input\":{\"@type\":\"PropertyValueSpecification\",\"valueRequired\":true,\"valueName\":\"search_term_string\"}}],\"inLanguage\":\"de\"},{\"@type\":\"Organization\",\"@id\":\"https:\/\/www.mgninvest.at\/de\/#organization\",\"name\":\"MGN Real Estate\",\"url\":\"https:\/\/www.mgninvest.at\/de\/\",\"logo\":{\"@type\":\"ImageObject\",\"inLanguage\":\"de\",\"@id\":\"https:\/\/www.mgninvest.at\/de\/#\/schema\/logo\/image\/\",\"url\":\"https:\/\/www.mgninvest.at\/wp-content\/uploads\/2025\/10\/mgn-real-estate_logo_black.svg\",\"contentUrl\":\"https:\/\/www.mgninvest.at\/wp-content\/uploads\/2025\/10\/mgn-real-estate_logo_black.svg\",\"width\":172,\"height\":60,\"caption\":\"MGN Real Estate\"},\"image\":{\"@id\":\"https:\/\/www.mgninvest.at\/de\/#\/schema\/logo\/image\/\"},\"sameAs\":[\"https:\/\/www.facebook.com\/MGNRealities\",\"https:\/\/www.instagram.com\/mgnrealestate\/\"]}]}<\/script>\n<!-- \/ Yoast SEO plugin. -->","yoast_head_json":{"title":"Impressum - MGN Real Estate","robots":{"index":"noindex","follow":"follow"},"og_locale":"de_DE","og_type":"article","og_title":"Impressum - MGN Real Estate","og_description":"Impressum gem\u00e4\u00df \u00a7 5 E-Commerce-Gesetz (ECG), \u00a7 24 Mediengesetz (MedienG) und \u00a7 14 Unternehmensgesetzbuch (UGB) Unternehmensbezeichnung:MGN Investment Group GmbH Rechtsform:Gesellschaft mit beschr\u00e4nkter Haftung (GmbH) Firmensitz \/ Gesch\u00e4ftsanschrift:Ringmauergasse 39500 Villach, \u00d6sterreich Unternehmensgegenstand:Immobilienentwicklung, Immobilienprojektierung, Bautr\u00e4gerleistungen, Immobilieninvestment Immobilienvermarktung, Immobillienvermittlung Firmenbuchnummer:FN 578247P Firmenbuchgericht:Landesgericht Klagenfurt UID-Nummer (Umsatzsteuer-ID):ATU78353158 Gesch\u00e4ftsf\u00fchrung:Gerhard MosserMag. Martin KolbitschMMag. Christian Polessnig Kontakt:Telefon:+43 4242 404 84 35+43 676 84 [&hellip;]","og_url":"https:\/\/www.mgninvest.at\/it\/note-legali\/","og_site_name":"MGN Real Estate","article_publisher":"https:\/\/www.facebook.com\/MGNRealities","article_modified_time":"2026-04-17T10:49:04+00:00","twitter_card":"summary_large_image","twitter_misc":{"Gesch\u00e4tzte Lesezeit":"2\u00a0Minuten"},"schema":{"@context":"https:\/\/schema.org","@graph":[{"@type":"WebPage","@id":"https:\/\/www.mgninvest.at\/it\/note-legali\/","url":"https:\/\/www.mgninvest.at\/it\/note-legali\/","name":"Impressum - MGN Real Estate","isPartOf":{"@id":"https:\/\/www.mgninvest.at\/de\/#website"},"datePublished":"2025-12-15T07:03:30+00:00","dateModified":"2026-04-17T10:49:04+00:00","breadcrumb":{"@id":"https:\/\/www.mgninvest.at\/it\/note-legali\/#breadcrumb"},"inLanguage":"de","potentialAction":[{"@type":"ReadAction","target":["https:\/\/www.mgninvest.at\/it\/note-legali\/"]}]},{"@type":"BreadcrumbList","@id":"https:\/\/www.mgninvest.at\/it\/note-legali\/#breadcrumb","itemListElement":[{"@type":"ListItem","position":1,"name":"Home","item":"https:\/\/www.mgninvest.at\/de\/"},{"@type":"ListItem","position":2,"name":"Impressum"}]},{"@type":"WebSite","@id":"https:\/\/www.mgninvest.at\/de\/#website","url":"https:\/\/www.mgninvest.at\/de\/","name":"MGN Real Estate","description":"Fine Residences in Carinthia","publisher":{"@id":"https:\/\/www.mgninvest.at\/de\/#organization"},"potentialAction":[{"@type":"SearchAction","target":{"@type":"EntryPoint","urlTemplate":"https:\/\/www.mgninvest.at\/de\/?s={search_term_string}"},"query-input":{"@type":"PropertyValueSpecification","valueRequired":true,"valueName":"search_term_string"}}],"inLanguage":"de"},{"@type":"Organization","@id":"https:\/\/www.mgninvest.at\/de\/#organization","name":"MGN Real Estate","url":"https:\/\/www.mgninvest.at\/de\/","logo":{"@type":"ImageObject","inLanguage":"de","@id":"https:\/\/www.mgninvest.at\/de\/#\/schema\/logo\/image\/","url":"https:\/\/www.mgninvest.at\/wp-content\/uploads\/2025\/10\/mgn-real-estate_logo_black.svg","contentUrl":"https:\/\/www.mgninvest.at\/wp-content\/uploads\/2025\/10\/mgn-real-estate_logo_black.svg","width":172,"height":60,"caption":"MGN Real Estate"},"image":{"@id":"https:\/\/www.mgninvest.at\/de\/#\/schema\/logo\/image\/"},"sameAs":["https:\/\/www.facebook.com\/MGNRealities","https:\/\/www.instagram.com\/mgnrealestate\/"]}]}},"_links":{"self":[{"href":"https:\/\/www.mgninvest.at\/de\/wp-json\/wp\/v2\/pages\/1902","targetHints":{"allow":["GET"]}}],"collection":[{"href":"https:\/\/www.mgninvest.at\/de\/wp-json\/wp\/v2\/pages"}],"about":[{"href":"https:\/\/www.mgninvest.at\/de\/wp-json\/wp\/v2\/types\/page"}],"author":[{"embeddable":true,"href":"https:\/\/www.mgninvest.at\/de\/wp-json\/wp\/v2\/users\/1"}],"replies":[{"embeddable":true,"href":"https:\/\/www.mgninvest.at\/de\/wp-json\/wp\/v2\/comments?post=1902"}],"version-history":[{"count":42,"href":"https:\/\/www.mgninvest.at\/de\/wp-json\/wp\/v2\/pages\/1902\/revisions"}],"predecessor-version":[{"id":3076,"href":"https:\/\/www.mgninvest.at\/de\/wp-json\/wp\/v2\/pages\/1902\/revisions\/3076"}],"wp:attachment":[{"href":"https:\/\/www.mgninvest.at\/de\/wp-json\/wp\/v2\/media?parent=1902"}],"curies":[{"name":"wp","href":"https:\/\/api.w.org\/{rel}","templated":true}]}}